{"id":1536,"date":"2024-04-17T07:50:41","date_gmt":"2024-04-17T07:50:41","guid":{"rendered":"https:\/\/panoramaholidays.com.my\/?page_id=1536"},"modified":"2024-10-24T03:35:24","modified_gmt":"2024-10-24T03:35:24","slug":"elementor-1536","status":"publish","type":"page","link":"https:\/\/panoramaholidays.com.my\/","title":{"rendered":"Home"},"content":{"rendered":"\t\t<div data-elementor-type=\"wp-page\" data-elementor-id=\"1536\" class=\"elementor elementor-1536\">\n\t\t\t\t\t\t\t<div class=\"elementor-element elementor-element-6a5c14e e-flex e-con-boxed e-con e-parent\" data-id=\"6a5c14e\" data-element_type=\"container\" data-settings=\"{&quot;content_width&quot;:&quot;boxed&quot;}\" data-core-v316-plus=\"true\">\n\t\t\t\t\t<div class=\"e-con-inner\">\n\t\t\t\t<div class=\"elementor-element elementor-element-bf045e3 elementor-widget elementor-widget-heading\" data-id=\"bf045e3\" data-element_type=\"widget\" data-widget_type=\"heading.default\">\n\t\t\t\t<div class=\"elementor-widget-container\">\n\t\t\t<style>\/*! elementor - v3.18.0 - 08-12-2023 *\/\n.elementor-heading-title{padding:0;margin:0;line-height:1}.elementor-widget-heading .elementor-heading-title[class*=elementor-size-]>a{color:inherit;font-size:inherit;line-height:inherit}.elementor-widget-heading .elementor-heading-title.elementor-size-small{font-size:15px}.elementor-widget-heading .elementor-heading-title.elementor-size-medium{font-size:19px}.elementor-widget-heading .elementor-heading-title.elementor-size-large{font-size:29px}.elementor-widget-heading .elementor-heading-title.elementor-size-xl{font-size:39px}.elementor-widget-heading .elementor-heading-title.elementor-size-xxl{font-size:59px}<\/style><h2 class=\"elementor-heading-title elementor-size-default\">About Us<\/h2>\t\t<\/div>\n\t\t\t\t<\/div>\n\t\t\t\t<div class=\"elementor-element elementor-element-9d5dacf elementor-widget elementor-widget-text-editor\" data-id=\"9d5dacf\" data-element_type=\"widget\" data-widget_type=\"text-editor.default\">\n\t\t\t\t<div class=\"elementor-widget-container\">\n\t\t\t<style>\/*! elementor - v3.18.0 - 08-12-2023 *\/\n.elementor-widget-text-editor.elementor-drop-cap-view-stacked .elementor-drop-cap{background-color:#69727d;color:#fff}.elementor-widget-text-editor.elementor-drop-cap-view-framed .elementor-drop-cap{color:#69727d;border:3px solid;background-color:transparent}.elementor-widget-text-editor:not(.elementor-drop-cap-view-default) .elementor-drop-cap{margin-top:8px}.elementor-widget-text-editor:not(.elementor-drop-cap-view-default) .elementor-drop-cap-letter{width:1em;height:1em}.elementor-widget-text-editor .elementor-drop-cap{float:left;text-align:center;line-height:1;font-size:50px}.elementor-widget-text-editor .elementor-drop-cap-letter{display:inline-block}<\/style>\t\t\t\t<p style=\"text-align: center;\">Our team of skilled and experienced travel agents are waiting to help you plan the perfect trip to Malaysia. In fact, we are specialized in MICE and large groups. For this reason, Panorama Holidays has become a household name in the Malaysian tourism sector. We provide tailor made travel ideas and holidays for a whole range of travelers to Malaysia and Borneo. From a family holiday, to an unforgettable trip to Borneo for the adventure seekers, we are here to give you the best possible travel plan by our travel agent. As a travel agent in Malaysia, we can save you a lot time and stress in creating your very own holiday program. We aim to avoid the run of the mill program as much as possible to make your travel a memorable experience with us. We exercise integrity &amp; trust in our travel business and it is our priority to ensure every client has received our utmost attention at all times. Our service quality is genuine and well received since 1990.<\/p>\t\t\t\t\t\t<\/div>\n\t\t\t\t<\/div>\n\t\t\t\t<div class=\"elementor-element elementor-element-d46bf80 elementor-widget-divider--view-line elementor-widget elementor-widget-divider\" data-id=\"d46bf80\" data-element_type=\"widget\" data-widget_type=\"divider.default\">\n\t\t\t\t<div class=\"elementor-widget-container\">\n\t\t\t<style>\/*! elementor - v3.18.0 - 08-12-2023 *\/\n.elementor-widget-divider{--divider-border-style:none;--divider-border-width:1px;--divider-color:#0c0d0e;--divider-icon-size:20px;--divider-element-spacing:10px;--divider-pattern-height:24px;--divider-pattern-size:20px;--divider-pattern-url:none;--divider-pattern-repeat:repeat-x}.elementor-widget-divider .elementor-divider{display:flex}.elementor-widget-divider .elementor-divider__text{font-size:15px;line-height:1;max-width:95%}.elementor-widget-divider .elementor-divider__element{margin:0 var(--divider-element-spacing);flex-shrink:0}.elementor-widget-divider .elementor-icon{font-size:var(--divider-icon-size)}.elementor-widget-divider .elementor-divider-separator{display:flex;margin:0;direction:ltr}.elementor-widget-divider--view-line_icon .elementor-divider-separator,.elementor-widget-divider--view-line_text .elementor-divider-separator{align-items:center}.elementor-widget-divider--view-line_icon .elementor-divider-separator:after,.elementor-widget-divider--view-line_icon .elementor-divider-separator:before,.elementor-widget-divider--view-line_text .elementor-divider-separator:after,.elementor-widget-divider--view-line_text .elementor-divider-separator:before{display:block;content:\"\";border-bottom:0;flex-grow:1;border-top:var(--divider-border-width) var(--divider-border-style) var(--divider-color)}.elementor-widget-divider--element-align-left .elementor-divider .elementor-divider-separator>.elementor-divider__svg:first-of-type{flex-grow:0;flex-shrink:100}.elementor-widget-divider--element-align-left .elementor-divider-separator:before{content:none}.elementor-widget-divider--element-align-left .elementor-divider__element{margin-left:0}.elementor-widget-divider--element-align-right .elementor-divider .elementor-divider-separator>.elementor-divider__svg:last-of-type{flex-grow:0;flex-shrink:100}.elementor-widget-divider--element-align-right .elementor-divider-separator:after{content:none}.elementor-widget-divider--element-align-right .elementor-divider__element{margin-right:0}.elementor-widget-divider:not(.elementor-widget-divider--view-line_text):not(.elementor-widget-divider--view-line_icon) .elementor-divider-separator{border-top:var(--divider-border-width) var(--divider-border-style) var(--divider-color)}.elementor-widget-divider--separator-type-pattern{--divider-border-style:none}.elementor-widget-divider--separator-type-pattern.elementor-widget-divider--view-line .elementor-divider-separator,.elementor-widget-divider--separator-type-pattern:not(.elementor-widget-divider--view-line) .elementor-divider-separator:after,.elementor-widget-divider--separator-type-pattern:not(.elementor-widget-divider--view-line) .elementor-divider-separator:before,.elementor-widget-divider--separator-type-pattern:not([class*=elementor-widget-divider--view]) .elementor-divider-separator{width:100%;min-height:var(--divider-pattern-height);-webkit-mask-size:var(--divider-pattern-size) 100%;mask-size:var(--divider-pattern-size) 100%;-webkit-mask-repeat:var(--divider-pattern-repeat);mask-repeat:var(--divider-pattern-repeat);background-color:var(--divider-color);-webkit-mask-image:var(--divider-pattern-url);mask-image:var(--divider-pattern-url)}.elementor-widget-divider--no-spacing{--divider-pattern-size:auto}.elementor-widget-divider--bg-round{--divider-pattern-repeat:round}.rtl .elementor-widget-divider .elementor-divider__text{direction:rtl}.e-con-inner>.elementor-widget-divider,.e-con>.elementor-widget-divider{width:var(--container-widget-width,100%);--flex-grow:var(--container-widget-flex-grow)}<\/style>\t\t<div class=\"elementor-divider\">\n\t\t\t<span class=\"elementor-divider-separator\">\n\t\t\t\t\t\t<\/span>\n\t\t<\/div>\n\t\t\t\t<\/div>\n\t\t\t\t<\/div>\n\t\t\t\t<div class=\"elementor-element elementor-element-6aadf69 elementor-widget elementor-widget-heading\" data-id=\"6aadf69\" data-element_type=\"widget\" data-widget_type=\"heading.default\">\n\t\t\t\t<div class=\"elementor-widget-container\">\n\t\t\t<h2 class=\"elementor-heading-title elementor-size-default\">Discover Malaysia by tours<\/h2>\t\t<\/div>\n\t\t\t\t<\/div>\n\t\t\t\t\t<\/div>\n\t\t\t\t<\/div>\n\t\t<div class=\"elementor-element elementor-element-b0a50c3 e-con-full e-flex e-con e-parent\" data-id=\"b0a50c3\" data-element_type=\"container\" data-settings=\"{&quot;content_width&quot;:&quot;full&quot;}\" data-core-v316-plus=\"true\">\n\t\t<div class=\"elementor-element elementor-element-5ca5135 e-con-full e-flex e-con e-child\" data-id=\"5ca5135\" data-element_type=\"container\" data-settings=\"{&quot;content_width&quot;:&quot;full&quot;}\">\n\t\t\t\t<div class=\"elementor-element elementor-element-8a05b2b elementor-widget__width-initial ekit-equal-height-disable elementor-widget elementor-widget-elementskit-image-box\" data-id=\"8a05b2b\" data-element_type=\"widget\" data-widget_type=\"elementskit-image-box.default\">\n\t\t\t\t<div class=\"elementor-widget-container\">\n\t\t\t<div class=\"ekit-wid-con\" >\n            <div class=\"elementskit-info-image-box ekit-image-box text-center simple-card\" >\n\n                \n                <div class=\"elementskit-box-header image-box-img-center\">\n\n                    <img fetchpriority=\"high\" decoding=\"async\" width=\"300\" height=\"200\" src=\"https:\/\/panoramaholidays.com.my\/wp-content\/uploads\/2024\/04\/KL1-300x200.jpg\" class=\"attachment-medium size-medium wp-image-1540\" alt=\"The skyline of Kuala Lumpur with a sunset\" srcset=\"https:\/\/panoramaholidays.com.my\/wp-content\/uploads\/2024\/04\/KL1-300x200.jpg 300w, https:\/\/panoramaholidays.com.my\/wp-content\/uploads\/2024\/04\/KL1-1024x683.jpg 1024w, https:\/\/panoramaholidays.com.my\/wp-content\/uploads\/2024\/04\/KL1-1536x1024.jpg 1536w, https:\/\/panoramaholidays.com.my\/wp-content\/uploads\/2024\/04\/KL1.jpg 1800w\" sizes=\"100vw\" \/>\n                <\/div>\n                \n                <div class=\"elementskit-box-body ekit-image-box-body\">\n                    <div class=\"elementskit-box-content ekit-image-box-body-inner\">\n                                                <h3 class=\"elementskit-info-box-title\">\n\n                        Highlights of Malaysia\n                        \n                    <\/h3>\n                                                            <div class=\"elementskit-box-style-content\">\n                        Set off on an enchanting adventure through Malaysia, where lively cities, verdant rainforests, and stunning beaches beckon. Discover Kuala Lumpur's iconic landmarks such as the Batu Caves and savor diverse flavors at bustling markets. Immerse yourself in Malaysia's rich cultural tapestry.                    <\/div>\n                                    <\/div>\n\n                                <div class=\"elementskit-box-footer\">\n                    <div class=\"box-footer\">\n                        <div class=\"btn-wraper\">\n                                                            <a href=\"https:\/\/panoramaholidays.com.my\/index.php\/highlights-of-malaysia\/\" class=\"elementskit-btn whitespace--normal\">\n                                    \n                                    \n                                    Explore more                                 <\/a>\n                                                        <\/div>\n                    <\/div>\n                <\/div>\n                            <\/div>\n            <\/div>\n    <\/div>\t\t<\/div>\n\t\t\t\t<\/div>\n\t\t\t\t<\/div>\n\t\t<div class=\"elementor-element elementor-element-fb19202 e-con-full e-flex e-con e-child\" data-id=\"fb19202\" data-element_type=\"container\" data-settings=\"{&quot;content_width&quot;:&quot;full&quot;}\">\n\t\t\t\t<div class=\"elementor-element elementor-element-09104bb ekit-equal-height-enable elementor-widget elementor-widget-elementskit-image-box\" data-id=\"09104bb\" data-element_type=\"widget\" data-widget_type=\"elementskit-image-box.default\">\n\t\t\t\t<div class=\"elementor-widget-container\">\n\t\t\t<div class=\"ekit-wid-con\" >\n            <div class=\"elementskit-info-image-box ekit-image-box text-center simple-card\" >\n\n                \n                <div class=\"elementskit-box-header image-box-img-center\">\n\n                    <img decoding=\"async\" width=\"300\" height=\"225\" src=\"https:\/\/panoramaholidays.com.my\/wp-content\/uploads\/2024\/10\/Cameron-Highlands-3-300x225.jpg\" class=\"attachment-medium size-medium wp-image-3199\" alt=\"\" srcset=\"https:\/\/panoramaholidays.com.my\/wp-content\/uploads\/2024\/10\/Cameron-Highlands-3-300x225.jpg 300w, https:\/\/panoramaholidays.com.my\/wp-content\/uploads\/2024\/10\/Cameron-Highlands-3-1024x768.jpg 1024w, https:\/\/panoramaholidays.com.my\/wp-content\/uploads\/2024\/10\/Cameron-Highlands-3.jpg 1600w\" sizes=\"100vw\" \/>\n                <\/div>\n                \n                <div class=\"elementskit-box-body ekit-image-box-body\">\n                    <div class=\"elementskit-box-content ekit-image-box-body-inner\">\n                                                <h3 class=\"elementskit-info-box-title\">\n\n                        Majestic Malaysia\n                        \n                    <\/h3>\n                                                            <div class=\"elementskit-box-style-content\">\n                        Combine the mainland with Borneo for a spectacular visit to Malaysia. Visit lesser known cities such as Kuala Terengganu or Ipoh for something different than your typical tour. Experience warm hospitality in coastal towns and feast on local cuisine in order to get a feel for the Malaysian culture. Meet local tribes whilst in Sarawak and spot wildlife such as the proboscis monkey or maybe even the Bornean pygmy elephant!                    <\/div>\n                                    <\/div>\n\n                                <div class=\"elementskit-box-footer\">\n                    <div class=\"box-footer\">\n                        <div class=\"btn-wraper\">\n                                                            <a href=\"https:\/\/panoramaholidays.com.my\/index.php\/majestic-malaysia\/\" class=\"elementskit-btn whitespace--normal\">\n                                    \n                                    \n                                    Explore more                                 <\/a>\n                                                        <\/div>\n                    <\/div>\n                <\/div>\n                            <\/div>\n            <\/div>\n    <\/div>\t\t<\/div>\n\t\t\t\t<\/div>\n\t\t\t\t<\/div>\n\t\t<div class=\"elementor-element elementor-element-eb182c9 e-con-full e-flex e-con e-child\" data-id=\"eb182c9\" data-element_type=\"container\" data-settings=\"{&quot;content_width&quot;:&quot;full&quot;}\">\n\t\t\t\t<div class=\"elementor-element elementor-element-18c7326 elementor-widget__width-initial ekit-equal-height-disable elementor-widget elementor-widget-elementskit-image-box\" data-id=\"18c7326\" data-element_type=\"widget\" data-widget_type=\"elementskit-image-box.default\">\n\t\t\t\t<div class=\"elementor-widget-container\">\n\t\t\t<div class=\"ekit-wid-con\" >\n            <div class=\"elementskit-info-image-box ekit-image-box text-center simple-card\" >\n\n                \n                <div class=\"elementskit-box-header image-box-img-center\">\n\n                    <img decoding=\"async\" width=\"300\" height=\"200\" src=\"https:\/\/panoramaholidays.com.my\/wp-content\/uploads\/2024\/04\/pexels-chris-f-2583721-300x200.jpg\" class=\"attachment-medium size-medium wp-image-1544\" alt=\"\" srcset=\"https:\/\/panoramaholidays.com.my\/wp-content\/uploads\/2024\/04\/pexels-chris-f-2583721-300x200.jpg 300w, https:\/\/panoramaholidays.com.my\/wp-content\/uploads\/2024\/04\/pexels-chris-f-2583721-1024x683.jpg 1024w, https:\/\/panoramaholidays.com.my\/wp-content\/uploads\/2024\/04\/pexels-chris-f-2583721-2000x1333.jpg 2000w, https:\/\/panoramaholidays.com.my\/wp-content\/uploads\/2024\/04\/pexels-chris-f-2583721-scaled-1536x1024.jpg 1536w, https:\/\/panoramaholidays.com.my\/wp-content\/uploads\/2024\/04\/pexels-chris-f-2583721-scaled-2048x1366.jpg 2048w\" sizes=\"100vw\" \/>\n                <\/div>\n                \n                <div class=\"elementskit-box-body ekit-image-box-body\">\n                    <div class=\"elementskit-box-content ekit-image-box-body-inner\">\n                                                <h3 class=\"elementskit-info-box-title\">\n\n                        Bustling Borneo\n                        \n                    <\/h3>\n                                                            <div class=\"elementskit-box-style-content\">\n                        Known for it's lush rainforests, diverse wildlife, and rich indigenous cultures. Highlights include Mount Kinabalu, pristine diving spots \n and Kuching. With endangered species like orangutans and vibrant tribal traditions, Malaysian Borneo offers a unique blend of adventure and cultural immersion.                    <\/div>\n                                    <\/div>\n\n                                <div class=\"elementskit-box-footer\">\n                    <div class=\"box-footer\">\n                        <div class=\"btn-wraper\">\n                                                            <a href=\"https:\/\/panoramaholidays.com.my\/index.php\/bustling-borneo\/\" class=\"elementskit-btn whitespace--normal\">\n                                    \n                                    \n                                    Explore more                                 <\/a>\n                                                        <\/div>\n                    <\/div>\n                <\/div>\n                            <\/div>\n            <\/div>\n    <\/div>\t\t<\/div>\n\t\t\t\t<\/div>\n\t\t\t\t<\/div>\n\t\t\t\t<\/div>\n\t\t<div class=\"elementor-element elementor-element-6c07f68 e-flex e-con-boxed e-con e-parent\" data-id=\"6c07f68\" data-element_type=\"container\" data-settings=\"{&quot;content_width&quot;:&quot;boxed&quot;}\" data-core-v316-plus=\"true\">\n\t\t\t\t\t<div class=\"e-con-inner\">\n\t\t\t\t<div class=\"elementor-element elementor-element-6cd945d elementor-widget-divider--view-line elementor-widget elementor-widget-divider\" data-id=\"6cd945d\" data-element_type=\"widget\" data-widget_type=\"divider.default\">\n\t\t\t\t<div class=\"elementor-widget-container\">\n\t\t\t\t\t<div class=\"elementor-divider\">\n\t\t\t<span class=\"elementor-divider-separator\">\n\t\t\t\t\t\t<\/span>\n\t\t<\/div>\n\t\t\t\t<\/div>\n\t\t\t\t<\/div>\n\t\t\t\t<div class=\"elementor-element elementor-element-561151d elementor-widget elementor-widget-heading\" data-id=\"561151d\" data-element_type=\"widget\" data-widget_type=\"heading.default\">\n\t\t\t\t<div class=\"elementor-widget-container\">\n\t\t\t<h2 class=\"elementor-heading-title elementor-size-default\">Reviews<\/h2>\t\t<\/div>\n\t\t\t\t<\/div>\n\t\t\t\t<div class=\"elementor-element elementor-element-74e03c4 elementor-view-default elementor-widget elementor-widget-icon\" data-id=\"74e03c4\" data-element_type=\"widget\" data-widget_type=\"icon.default\">\n\t\t\t\t<div class=\"elementor-widget-container\">\n\t\t\t\t\t<div class=\"elementor-icon-wrapper\">\n\t\t\t<div class=\"elementor-icon\">\n\t\t\t<i aria-hidden=\"true\" class=\"icon icon-review\"><\/i>\t\t\t<\/div>\n\t\t<\/div>\n\t\t\t\t<\/div>\n\t\t\t\t<\/div>\n\t\t\t\t\t<\/div>\n\t\t\t\t<\/div>\n\t\t<div class=\"elementor-element elementor-element-a04f98b e-flex e-con-boxed e-con e-parent\" data-id=\"a04f98b\" data-element_type=\"container\" data-settings=\"{&quot;content_width&quot;:&quot;boxed&quot;}\" data-core-v316-plus=\"true\">\n\t\t\t\t\t<div class=\"e-con-inner\">\n\t\t<div class=\"elementor-element elementor-element-957f73a e-con-full e-flex e-con e-child\" data-id=\"957f73a\" data-element_type=\"container\" data-settings=\"{&quot;content_width&quot;:&quot;full&quot;}\">\n\t\t\t\t<div class=\"elementor-element elementor-element-3f70ac5 elementor-widget elementor-widget-text-editor\" data-id=\"3f70ac5\" data-element_type=\"widget\" data-widget_type=\"text-editor.default\">\n\t\t\t\t<div class=\"elementor-widget-container\">\n\t\t\t\t\t\t\t<p>Wir m\u00f6chten uns auf diesem Weg bei dir f\u00fcr den wundersch\u00f6nen Urlaub bedanken!<br \/>Es war traumhaft und alle hat perfekt geklappt! Alle Unterk\u00fcnfte waren super, die Guides waren klasse und die &#8220;Unternehmungen&#8221;waren super. Die Menschen sind sehr freundlich und wir hatten auch beim &#8220;Wildlife&#8221; Gl\u00fcck, wir konnten sehr viele Tiere beobachten. Es war einfach ein sehr sch\u00f6ner Urlaub.<br \/>Wenn \u00fcberhaupt haben wir ein kleine Anmerkung. Wenn jemand noch ein paar N\u00e4chte auf einer Insel plant ist ein Tagesausflug auf Pulau Mamutik nicht empfehlenswert. Ist wirklich total \u00fcberlaufen. <br \/><br \/>Liebe Gr\u00fc\u00dfe von uns beiden <br \/>Steffi und Dirk<\/p><p><span style=\"color: var( --e-global-color-text ); font-family: var( --e-global-typography-text-font-family ), Sans-serif; font-weight: var( --e-global-typography-text-font-weight );\">~ August, 2024<\/span><\/p>\t\t\t\t\t\t<\/div>\n\t\t\t\t<\/div>\n\t\t\t\t<\/div>\n\t\t<div class=\"elementor-element elementor-element-06dc866 e-con-full e-flex e-con e-child\" data-id=\"06dc866\" data-element_type=\"container\" data-settings=\"{&quot;content_width&quot;:&quot;full&quot;}\">\n\t\t\t\t<div class=\"elementor-element elementor-element-2c5b36d elementor-widget elementor-widget-text-editor\" data-id=\"2c5b36d\" data-element_type=\"widget\" data-widget_type=\"text-editor.default\">\n\t\t\t\t<div class=\"elementor-widget-container\">\n\t\t\t\t\t\t\t<p>We are back home after 3 wonderful weeks in Malaysia. We enjoyed our varied trip. We loved both the culture and nature. The highlight of our trip, without neglecting the other places, was Borneo. The overwhelming jungle with all the animals made a big impression on us. The trips from Kuching and Kota Kinabalu were very enjoyable and the few days offgrid in Mulu were unforgettable.<br \/>The Malaysian people are friendly and helpful, even in the big cities&#8230;.<\/p><p>Ciska\u00a0<\/p><p>~ July, 2024<\/p>\t\t\t\t\t\t<\/div>\n\t\t\t\t<\/div>\n\t\t\t\t<\/div>\n\t\t<div class=\"elementor-element elementor-element-14e8af0 e-con-full e-flex e-con e-child\" data-id=\"14e8af0\" data-element_type=\"container\" data-settings=\"{&quot;content_width&quot;:&quot;full&quot;}\">\n\t\t\t\t<\/div>\n\t\t<div class=\"elementor-element elementor-element-78d2ccd e-con-full e-flex e-con e-child\" data-id=\"78d2ccd\" data-element_type=\"container\" data-settings=\"{&quot;content_width&quot;:&quot;full&quot;}\">\n\t\t\t\t<\/div>\n\t\t\t\t\t<\/div>\n\t\t\t\t<\/div>\n\t\t\t\t\t\t\t<\/div>\n\t\t","protected":false},"excerpt":{"rendered":"<p>About Us Our team of skilled and experienced travel agents are waiting to help you plan the perfect trip to Malaysia. In fact, we are specialized in MICE and large groups. For this reason, Panorama Holidays has become a household name in the Malaysian tourism sector. We provide tailor made travel ideas and holidays for &hellip; <\/p>\n<p class=\"link-more\"><a href=\"https:\/\/panoramaholidays.com.my\/\" class=\"more-link\">Read more<span class=\"screen-reader-text\"> &#8220;Home&#8221;<\/span><\/a><\/p>\n","protected":false},"author":1,"featured_media":0,"parent":0,"menu_order":0,"comment_status":"closed","ping_status":"closed","template":"","meta":{"footnotes":""},"class_list":["post-1536","page","type-page","status-publish","hentry"],"aioseo_notices":[],"jetpack_sharing_enabled":true,"_links":{"self":[{"href":"https:\/\/panoramaholidays.com.my\/index.php\/wp-json\/wp\/v2\/pages\/1536","targetHints":{"allow":["GET"]}}],"collection":[{"href":"https:\/\/panoramaholidays.com.my\/index.php\/wp-json\/wp\/v2\/pages"}],"about":[{"href":"https:\/\/panoramaholidays.com.my\/index.php\/wp-json\/wp\/v2\/types\/page"}],"author":[{"embeddable":true,"href":"https:\/\/panoramaholidays.com.my\/index.php\/wp-json\/wp\/v2\/users\/1"}],"replies":[{"embeddable":true,"href":"https:\/\/panoramaholidays.com.my\/index.php\/wp-json\/wp\/v2\/comments?post=1536"}],"version-history":[{"count":78,"href":"https:\/\/panoramaholidays.com.my\/index.php\/wp-json\/wp\/v2\/pages\/1536\/revisions"}],"predecessor-version":[{"id":3279,"href":"https:\/\/panoramaholidays.com.my\/index.php\/wp-json\/wp\/v2\/pages\/1536\/revisions\/3279"}],"wp:attachment":[{"href":"https:\/\/panoramaholidays.com.my\/index.php\/wp-json\/wp\/v2\/media?parent=1536"}],"curies":[{"name":"wp","href":"https:\/\/api.w.org\/{rel}","templated":true}]}}